{"id":15002,"date":"2024-04-06T17:51:20","date_gmt":"2024-04-06T15:51:20","guid":{"rendered":"https:\/\/www.nexova.ch\/?page_id=15002"},"modified":"2025-06-05T19:11:28","modified_gmt":"2025-06-05T17:11:28","slug":"datenschutzerklaerung","status":"publish","type":"page","link":"https:\/\/www.nexova.ch\/de\/datenschutzerklaerung\/","title":{"rendered":"Datenschutzerkl\u00e4rung"},"content":{"rendered":"<p>[et_pb_section fb_built=&#8220;1&#8243; module_id=&#8220;privacy&#8220; _builder_version=&#8220;4.24.2&#8243; _module_preset=&#8220;default&#8220; background_color=&#8220;#f7f5ff&#8220; locked=&#8220;off&#8220; global_colors_info=&#8220;{}&#8220;][et_pb_row _builder_version=&#8220;4.24.2&#8243; _module_preset=&#8220;default&#8220; width=&#8220;60%&#8220; width_tablet=&#8220;80%&#8220; width_phone=&#8220;90%&#8220; width_last_edited=&#8220;on|phone&#8220; max_width=&#8220;1900px&#8220; global_colors_info=&#8220;{}&#8220;][et_pb_column type=&#8220;4_4&#8243; _builder_version=&#8220;4.24.2&#8243; _module_preset=&#8220;default&#8220; global_colors_info=&#8220;{}&#8220;][et_pb_code _builder_version=&#8220;4.27.4&#8243; _module_preset=&#8220;default&#8220; global_colors_info=&#8220;{}&#8220;]<\/p>\n<style><!-- [et_pb_line_break_holder] -->  .et_pb_row_0{<!-- [et_pb_line_break_holder] -->    padding: 2% 0;<!-- [et_pb_line_break_holder] -->    width: 60%;<!-- [et_pb_line_break_holder] -->  }<!-- [et_pb_line_break_holder] -->  #privacy{<!-- [et_pb_line_break_holder] -->    background-color: #f7f5ff !important;<!-- [et_pb_line_break_holder] -->  }<!-- [et_pb_line_break_holder] -->  #privacy h1{<!-- [et_pb_line_break_holder] -->    margin-bottom: .5em;<!-- [et_pb_line_break_holder] -->    letter-spacing: -1.5px;<!-- [et_pb_line_break_holder] -->    font-weight: 500;<!-- [et_pb_line_break_holder] -->    color: #000;<!-- [et_pb_line_break_holder] -->    font-size: 44px;<!-- [et_pb_line_break_holder] -->    line-height: 1.2em;<!-- [et_pb_line_break_holder] -->    padding-bottom: 1em !important;<!-- [et_pb_line_break_holder] -->  }<!-- [et_pb_line_break_holder] -->  @media (max-width: 479px){<!-- [et_pb_line_break_holder] -->    .et_pb_section_0{<!-- [et_pb_line_break_holder] -->      padding-top: 1em !important;<!-- [et_pb_line_break_holder] -->    }<!-- [et_pb_line_break_holder] -->    .et_pb_row_0{<!-- [et_pb_line_break_holder] -->      width: 90%;<!-- [et_pb_line_break_holder] -->    }<!-- [et_pb_line_break_holder] -->    #privacy h1{<!-- [et_pb_line_break_holder] -->        padding-bottom: 0.5em !important;<!-- [et_pb_line_break_holder] -->    }<!-- [et_pb_line_break_holder] -->  }<!-- [et_pb_line_break_holder] --><\/style>\n<p>[\/et_pb_code][et_pb_text _builder_version=&#8220;4.27.4&#8243; _module_preset=&#8220;default&#8220; hover_enabled=&#8220;0&#8243; global_colors_info=&#8220;{}&#8220; sticky_enabled=&#8220;0&#8243;]<\/p>\n<h1>Datenschutzerkl\u00e4rung<\/h1>\n<p>Datenschutz und Datensicherheit sind wesentlich f\u00fcr die Nexova AG mit Sitz in der Schweiz, <span>Centralbahnplatz 9<\/span>, 4051 Basel (\u00abNexova AG\u00bb; \u00abwir\u00bb). Wir verarbeiten Ihre personenbezogenen Daten verantwortungsbewusst, in \u00dcbereinstimmung mit geltenden gesetzlichen Bestimmungen und gem\u00e4ss dieser Datenschutzerkl\u00e4rung.<\/p>\n<p>Inhalt dieser Datenschutzerkl\u00e4rung Diese Datenschutzerkl\u00e4rung informiert Sie dar\u00fcber, wie wir personenbezogene Daten sammeln und verarbeiten, wenn Sie unsere Website unter <a href=\"https:\/\/www.nexova.ch\/de\/datenschutzerklaerung\/\">https:\/\/www.nexova.ch<\/a> (\u00abWebsite\u00bb) oder Social-Media-Seiten besuchen, uns kontaktieren oder unsere Dienstleistungen nutzen. Diese Erkl\u00e4rung gilt auch f\u00fcr unsere weiteren Dienstleistungen und Portale oder generelle Landingpages von Nexova.<\/p>\n<h2>Verantwortlicher f\u00fcr die Datenverarbeitung<\/h2>\n<p>Verantwortlich f\u00fcr die in dieser Datenschutzerkl\u00e4rung beschriebenen Datenverarbeitungen ist die Nexova AG. Bei Fragen oder zur Aus\u00fcbung Ihrer datenschutzrechtlichen Betroffenenrechte kontaktieren Sie uns bitte unter info@nexova.ch oder schreiben Sie an: Nexova AG, <span>Centralbahnplatz 9<\/span>, 4051 Basel.<\/p>\n<h2>Verarbeitung von personenbezogenen Daten bei Kommunikation und Leistungserbringung<\/h2>\n<p>Wir erheben die von Ihnen \u00fcbermittelten Informationen in folgenden Situationen:<\/p>\n<ul>\n<li>wenn Sie uns kontaktieren;<\/li>\n<li>wenn Sie sich auf der Website oder der Online-Plattform als Nutzer registrieren;<\/li>\n<li>wenn Sie Dienstleistungen bestellen;<\/li>\n<li>wenn Sie sich bei uns bewerben.<\/li>\n<\/ul>\n<p>Dazu geh\u00f6ren allgemeine personenbezogene Daten wie Name und Kontaktdaten sowie m\u00f6gliche Angaben zu Ihrer Position oder Rolle in der Organisation, f\u00fcr die Sie uns kontaktieren. Bei Bestellung kostenpflichtiger Dienstleistungen fragen wir zus\u00e4tzlich Finanzdaten wie Ihre bevorzugte Zahlungsmethode und Rechnungsadresse ab. Wir verarbeiten auch personenbezogene Daten, die wir von Dritten erhalten, wie Informationen aus Korrespondenzen oder Besprechungen mit Kunden, Mitgliedern oder Gesch\u00e4ftspartnern.<\/p>\n<p>Um die in dieser Datenschutzerkl\u00e4rung beschriebenen Zwecke zu erreichen, k\u00f6nnen wir allgemeine personenbezogene Daten auch aus \u00f6ffentlich zug\u00e4nglichen Registern, Websites oder Plattformen erheben (z. B. zur \u00dcberpr\u00fcfung Ihrer Unterschriftsberechtigung) oder Informationen von Dritten einholen (z. B. f\u00fcr Referenzzwecke im Bewerbungsprozess, falls Sie zustimmen).<\/p>\n<p>Bereitstellung und Nutzung unserer Website und Online-Plattform Nutzung zur Information Sie k\u00f6nnen sich auf der Website \u00fcber die Nexova AG und ihr Leistungsangebot informieren, ohne pers\u00f6nliche Informationen preiszugeben. Wie bei jeder Verbindung zu einem Webserver protokolliert und speichert der Server, auf dem wir die Website und die Online-Plattform bereitstellen, automatisch bestimmte technische Daten f\u00fcr kurze Zeit. Dazu geh\u00f6ren die IP-Adresse und das Betriebssystem Ihres Ger\u00e4ts, das Datum und die Uhrzeit der Nutzung sowie der Browsertyp, \u00fcber den Sie auf die Website oder die Online-Plattform zugreifen.<\/p>\n<h2>Webanalyse<\/h2>\n<p>Wir nutzen Webanalyse-Dienste (derzeit Google Analytics), um die Nutzung der Website zu analysieren und Informationen zur Optimierung zu erhalten. Die verwendeten Dienste sammeln und speichern Nutzungsdaten unter Verwendung von Cookies. Vor der \u00dcbermittlung an einen Server au\u00dferhalb der Schweiz\/EU\/EWR werden die IP-Adressen verk\u00fcrzt, um keine personenbezogenen Daten an den Anbieter der Webanalysedienste im Ausland zu \u00fcbermitteln.<\/p>\n<h2>Werbetechnologien<\/h2>\n<p>Wir setzen auf der Website Werbetechnologien von Google Ads, YouTube Ads, Microsoft Ads, Meta Ads und TikTok Ads ein. Diese erm\u00f6glichen es uns, Besucher unserer Website auf anderen Websites mit relevanten Anzeigen anzusprechen, basierend auf ihrer vorherigen Nutzung unserer Website. Hierf\u00fcr setzen die Anbieter der Werbetechnologien Cookies ein, wenn Sie unsere Website besuchen.<\/p>\n<h2>Social Plugins<\/h2>\n<p>Die auf der Website verwendeten Social Plugins erm\u00f6glichen es Ihnen, unsere Inhalte in sozialen Netzwerken zu teilen und zu empfehlen. Sie erkennen die Social Plugins an den Logos der jeweiligen sozialen Netzwerke. Wenn Sie mit einem Social Plugin interagieren, werden Daten an den jeweiligen Anbieter des sozialen Netzwerks \u00fcbermittelt.<\/p>\n<h2>Ressourcen von externen Websites<\/h2>\n<p>Externe Ressourcen, die auf unserer Website eingebunden sind, enthalten sichtbare Inhalte (z. B. Bilder, Videos) sowie technische Ressourcen (z. B. Skripte, Schriftarten). Technische Ressourcen verbessern die Leistung oder Sicherheit unserer Website. Bei Abruf dieser Ressourcen erf\u00e4hrt der Betreiber des externen Servers Ihre IP-Adresse und\/oder bestimmte Randdaten, die f\u00fcr die Nutzung der externen Server erforderlich sind.<\/p>\n<h2>Hinweis zu Cookies<\/h2>\n<p>Wir verwenden Cookies, Tags und \u00e4hnliche Technologien auf der Website, um Ihnen die bestm\u00f6gliche Benutzererfahrung zu bieten und die Website zu verbessern. Cookies sind Textdateien, die beim Besuch einer Website oder der Nutzung einer App auf Ihren Computer oder Ihr Mobilger\u00e4t heruntergeladen werden. Einige Cookies sind notwendig, um bestimmte Funktionen der Website bereitzustellen. Wir verwenden auch Cookies zur Analyse der Website-Nutzung und zur Optimierung. Sie k\u00f6nnen Ihren Browser so einstellen, dass er keine Cookies akzeptiert oder Sie vor dem Setzen eines Cookies fragt. Sie k\u00f6nnen auch Cookies l\u00f6schen, indem Sie die entsprechende Funktion Ihres Browsers nutzen.<\/p>\n<h2>Nutzung unserer Social-Media-Seiten<\/h2>\n<p>Auf unseren Social-Media-Seiten finden Sie Beitr\u00e4ge zu aktuellen Entwicklungen bei der Nexova AG und unserem Leistungsangebot. Die Anbieter der sozialen Medien sammeln und analysieren Nutzungsdaten wie Besucherzahlen und demografische Informationen zu den Seitenbesuchern. Wir erhalten von den Anbietern Auswertungen, die nur aggregierte oder ausreichend anonymisierte Daten enthalten. Nur die Anbieter k\u00f6nnen Sie anhand der Nutzungsdaten identifizieren. Beachten Sie daher die Datenschutzhinweise der jeweiligen Anbieter.<\/p>\n<h2>Nutzung und Optimierung unseres Newsletters<\/h2>\n<p>Wenn Sie sich f\u00fcr unseren Newsletter anmelden, erheben wir die von Ihnen \u00fcbermittelten Informationen, einschlie\u00dflich allgemeiner personenbezogener Daten wie Vorname, Name und E-Mail-Adresse. Analyse-Dienste messen und analysieren die Nutzung des Newsletters, einschlie\u00dflich der Anzahl der \u00d6ffnungen und Klicks auf bestimmte Beitr\u00e4ge. Wir erhalten Auswertungen, um den Newsletter zu optimieren und Ihnen relevante Inhalte zu bieten. Sie k\u00f6nnen jederzeit mitteilen, dass Sie k\u00fcnftig auf den Erhalt des Newsletters verzichten m\u00f6chten, indem Sie den Abmeldelink am Ende des Newsletters nutzen.<\/p>\n<h2>Zwecke der Verarbeitung Ihrer personenbezogenen Daten und Rechtsgrundlagen<\/h2>\n<p>Wir verarbeiten Ihre personenbezogenen Daten prim\u00e4r, um \u00fcber unser Leistungsangebot zu informieren und unsere vertraglichen und gesetzlichen Pflichten zu erf\u00fcllen, zu dokumentieren und abzurechnen. Dar\u00fcber hinaus verarbeiten wir Ihre Daten f\u00fcr folgende Zwecke:<\/p>\n<ul>\n<li>Beantwortung Ihrer Anfragen und Kommunikation mit Ihnen;<\/li>\n<li>Bearbeitung Ihrer Registrierung oder Bestellungen;<\/li>\n<li>Beantwortung von Bewerbungen;<\/li>\n<li>Bereitstellung der Website und der Online-Plattform;<\/li>\n<li>Analyse und Optimierung der Website- und Online-Plattform-Nutzung;<\/li>\n<li>Marketing und Werbung;<\/li>\n<li>Optimierung unserer Social-Media-Unternehmensseiten;<\/li>\n<li>Information \u00fcber neue Entwicklungen bei der Nexova AG und neue Dienstleistungen (z. B. \u00fcber unseren Newsletter; Sie k\u00f6nnen jederzeit mitteilen, dass Sie auf den Erhalt solcher Informationen verzichten m\u00f6chten);<\/li>\n<li>Erf\u00fcllung gesetzlicher Pflichten;<\/li>\n<li>Durchsetzung von Rechtsanspr\u00fcchen.<\/li>\n<\/ul>\n<p>Wir haben ein berechtigtes Interesse an der Verarbeitung Ihrer personenbezogenen Daten f\u00fcr die genannten Zwecke. Einige Verarbeitungen sind notwendig, um unsere vertraglichen Pflichten oder gesetzlichen Verpflichtungen zu erf\u00fcllen. Wir verarbeiten Ihre personenbezogenen Daten auf dieser Grundlage gem\u00e4\u00df den Datenschutzbestimmungen.<\/p>\n<h2>Speicherung und Schutz Ihrer personenbezogenen Daten<\/h2>\n<p>Wir speichern Ihre personenbezogenen Daten nur so lange, wie dies f\u00fcr die Erf\u00fcllung der in dieser Datenschutzerkl\u00e4rung beschriebenen Zwecke oder zur Erf\u00fcllung gesetzlicher Pflichten erforderlich ist. Zum Schutz Ihrer personenbezogenen Daten implementieren wir angemessene technische und organisatorische Ma\u00dfnahmen, einschlie\u00dflich Zugangskontrollen, Zugriffskontrollen und Verfahren zur regelm\u00e4\u00dfigen \u00dcberpr\u00fcfung der Effektivit\u00e4t dieser Ma\u00dfnahmen.<\/p>\n<h2>Weitergabe Ihrer personenbezogenen Daten<\/h2>\n<p>Zur Erreichung der in dieser Datenschutzerkl\u00e4rung beschriebenen Zwecke k\u00f6nnen wir Ihre personenbezogenen Daten an andere Unternehmen weitergeben. Mit diesen Empf\u00e4ngern haben wir entsprechende Auftragsverarbeitungsvertr\u00e4ge abgeschlossen. Dazu geh\u00f6ren:<\/p>\n<ul>\n<li>andere Unternehmen der Unternehmensgruppe;<\/li>\n<li>externe Dienstleister;<\/li>\n<li>andere Kunden;<\/li>\n<li>Lieferanten und Gesch\u00e4ftspartner;<\/li>\n<li>(gegebenenfalls) Beh\u00f6rden und Gerichte.<\/li>\n<\/ul>\n<h2>Standort der Datenverarbeitung<\/h2>\n<p>Wir speichern und verarbeiten Ihre personenbezogenen Daten haupts\u00e4chlich in der Schweiz und der EU. Wir k\u00f6nnen Ihre personenbezogenen Daten auch an Empf\u00e4nger au\u00dferhalb der Schweiz oder der EU (weltweit, insbesondere in den USA) \u00fcbermitteln. Daten\u00fcbertragungen in L\u00e4nder ohne angemessenen Datenschutz erfolgen unter Verwendung von Standard-Datenschutzklauseln oder gesetzlichen Ausnahmen (z. B. zur Erf\u00fcllung eines Vertrags).<\/p>\n<h2>Ihre Rechte in Bezug auf Ihre personenbezogenen Daten<\/h2>\n<p>Sie haben die folgenden Rechte in Bezug auf Ihre personenbezogenen Daten:<\/p>\n<ul>\n<li>das Recht auf Auskunft \u00fcber die gespeicherten Daten und deren Verarbeitung;<\/li>\n<li>das Recht auf Herausgabe oder \u00dcbertragung einer Kopie Ihrer personenbezogenen Daten in einem g\u00e4ngigen Format;<\/li>\n<li>das Recht auf Berichtigung Ihrer personenbezogenen Daten;<\/li>\n<li>das Recht auf L\u00f6schung Ihrer personenbezogenen Daten;<\/li>\n<li>das Recht, der Verarbeitung Ihrer personenbezogenen Daten zu widersprechen.<\/li>\n<\/ul>\n<p>Beachten Sie, dass f\u00fcr diese Rechte gesetzliche Voraussetzungen und Ausnahmen gelten. In rechtlich zul\u00e4ssigen F\u00e4llen k\u00f6nnen wir Anfragen zur Aus\u00fcbung dieser Rechte ablehnen. Dar\u00fcber hinaus haben Sie das Recht, bei der zust\u00e4ndigen Datenschutzaufsichtsbeh\u00f6rde eine Beschwerde einzureichen.<\/p>\n<h2>\u00c4nderungen dieser Datenschutzerkl\u00e4rung<\/h2>\n<p>Wir behalten uns das Recht vor, diese Datenschutzerkl\u00e4rung jederzeit zu \u00e4ndern, insbesondere bei \u00c4nderungen unserer Datenverarbeitungen oder neuer rechtlicher Vorschriften. Die jeweils aktuelle Version finden Sie unter <a href=\"https:\/\/www.nexova.ch\/de\/datenschutzerklaerung\/\">www.nexova.ch\/de\/datenschutzerklaerung\/<\/a>.<\/p>\n<p>Basel, 5. Juni 2025<\/p>\n<p>[\/et_pb_text][et_pb_code admin_label=&#8220;CSS&#8220; _builder_version=&#8220;4.24.2&#8243; _module_preset=&#8220;default&#8220; global_colors_info=&#8220;{}&#8220;]<\/p>\n<style><!-- [et_pb_line_break_holder] -->  #privacy h1{<!-- [et_pb_line_break_holder] -->    margin-bottom: .5em;<!-- [et_pb_line_break_holder] -->    letter-spacing: -1.5px;<!-- [et_pb_line_break_holder] -->    font-weight: 500;<!-- [et_pb_line_break_holder] -->    color: #000;<!-- [et_pb_line_break_holder] -->    font-size: 44px;<!-- [et_pb_line_break_holder] -->    line-height: 1.2em;<!-- [et_pb_line_break_holder] -->    padding: 0;<!-- [et_pb_line_break_holder] -->  }<!-- [et_pb_line_break_holder] -->  #privacy :where(p+h2, ul+h2){<!-- [et_pb_line_break_holder] -->    margin-top: .5em;<!-- [et_pb_line_break_holder] -->  }<!-- [et_pb_line_break_holder] -->  #privacy ul+p {<!-- [et_pb_line_break_holder] -->    padding-top: .4em;<!-- [et_pb_line_break_holder] -->\t}<!-- [et_pb_line_break_holder] -->  #privacy h2{<!-- [et_pb_line_break_holder] -->    font-size: 30px;<!-- [et_pb_line_break_holder] -->    padding-bottom: 15px;<!-- [et_pb_line_break_holder] -->    line-height: 1.2em;<!-- [et_pb_line_break_holder] -->    font-weight: 500;<!-- [et_pb_line_break_holder] -->    color: #000;<!-- [et_pb_line_break_holder] -->    letter-spacing: -0.7px;<!-- [et_pb_line_break_holder] -->  }<!-- [et_pb_line_break_holder] -->  #privacy ul{<!-- [et_pb_line_break_holder] -->    list-style:none;<!-- [et_pb_line_break_holder] -->    padding-left: 0;<!-- [et_pb_line_break_holder] -->  }<!-- [et_pb_line_break_holder] -->  #privacy li{<!-- [et_pb_line_break_holder] -->    padding-left: 2.8em;<!-- [et_pb_line_break_holder] -->    position: relative;<!-- [et_pb_line_break_holder] -->\t}<!-- [et_pb_line_break_holder] -->  #privacy li::before{<!-- [et_pb_line_break_holder] -->\tcontent: \"\";<!-- [et_pb_line_break_holder] -->    width: 4px;<!-- [et_pb_line_break_holder] -->    height: 4px;<!-- [et_pb_line_break_holder] -->    border-radius: 2px;<!-- [et_pb_line_break_holder] -->    background: #000;<!-- [et_pb_line_break_holder] -->    position: absolute;<!-- [et_pb_line_break_holder] -->    left: 1.9em;<!-- [et_pb_line_break_holder] -->    top: 12px;<!-- [et_pb_line_break_holder] -->\t}<!-- [et_pb_line_break_holder] -->  #privacy p+ul{<!-- [et_pb_line_break_holder] -->    padding-top: .7em;<!-- [et_pb_line_break_holder] -->  }<!-- [et_pb_line_break_holder] -->  @media (max-width: 767px){<!-- [et_pb_line_break_holder] -->    #privacy h1{<!-- [et_pb_line_break_holder] -->      font-size: 32px;<!-- [et_pb_line_break_holder] -->    }<!-- [et_pb_line_break_holder] -->    #privacy h2{<!-- [et_pb_line_break_holder] -->      font-size: 22px;<!-- [et_pb_line_break_holder] -->    }<!-- [et_pb_line_break_holder] -->  }<!-- [et_pb_line_break_holder] --><\/style>\n<p>[\/et_pb_code][\/et_pb_column][\/et_pb_row][\/et_pb_section][et_pb_section fb_built=&#8220;1&#8243; custom_padding_last_edited=&#8220;on|tablet&#8220; module_class=&#8220;landing1&#8243; _builder_version=&#8220;4.19.1&#8243; _module_preset=&#8220;default&#8220; background_color=&#8220;#4d4d4d&#8220; custom_padding_tablet=&#8220;&#8220; custom_padding_phone=&#8220;40px||||false|false&#8220; global_colors_info=&#8220;{}&#8220;][et_pb_row column_structure=&#8220;3_4,1_4&#8243; module_class=&#8220;bottom-cta&#8220; _builder_version=&#8220;4.19.1&#8243; _module_preset=&#8220;default&#8220; width_tablet=&#8220;&#8220; width_phone=&#8220;90%&#8220; width_last_edited=&#8220;on|phone&#8220; max_width=&#8220;100%&#8220; custom_padding=&#8220;0px||0px||true|false&#8220; global_colors_info=&#8220;{}&#8220;][et_pb_column type=&#8220;3_4&#8243; _builder_version=&#8220;4.17.0&#8243; _module_preset=&#8220;default&#8220; global_colors_info=&#8220;{}&#8220;][et_pb_code _builder_version=&#8220;4.24.2&#8243; _module_preset=&#8220;default&#8220; custom_margin=&#8220;||30px||false|false&#8220; global_colors_info=&#8220;{}&#8220;]<\/p>\n<h2 class=\"main-title light-color\"><!-- [et_pb_line_break_holder] -->  W\u00fcnschen Sie eine Treuhandberatung?<!-- [et_pb_line_break_holder] -->  <span class=\"tx-break tx-bold\">Lassen Sie uns zusammenarbeiten.<\/span><!-- [et_pb_line_break_holder] --><\/h2>\n<p>[\/et_pb_code][\/et_pb_column][et_pb_column type=&#8220;1_4&#8243; _builder_version=&#8220;4.17.0&#8243; _module_preset=&#8220;default&#8220; global_colors_info=&#8220;{}&#8220;][et_pb_code _builder_version=&#8220;4.24.2&#8243; _module_preset=&#8220;default&#8220; custom_margin=&#8220;||30px||false|false&#8220; global_colors_info=&#8220;{}&#8220;]<a href=\"\/de\/termin-buchen\/\">Termin buchen<\/a>[\/et_pb_code][\/et_pb_column][\/et_pb_row][\/et_pb_section]<\/p>\n","protected":false},"excerpt":{"rendered":"<p>Datenschutzerkl\u00e4rung Datenschutz und Datensicherheit sind wesentlich f\u00fcr die Nexova AG mit Sitz in der Schweiz, Centralbahnplatz 9, 4051 Basel (\u00abNexova AG\u00bb; \u00abwir\u00bb). Wir verarbeiten Ihre personenbezogenen Daten verantwortungsbewusst, in \u00dcbereinstimmung mit geltenden gesetzlichen Bestimmungen und gem\u00e4ss dieser Datenschutzerkl\u00e4rung. Inhalt dieser Datenschutzerkl\u00e4rung Diese Datenschutzerkl\u00e4rung informiert Sie dar\u00fcber, wie wir personenbezogene Daten sammeln und verarbeiten, wenn Sie [&hellip;]<\/p>\n","protected":false},"author":2,"featured_media":0,"parent":0,"menu_order":0,"comment_status":"closed","ping_status":"closed","template":"","meta":{"_et_pb_use_builder":"on","_et_pb_old_content":"","_et_gb_content_width":"","q_post_updated_date":"","footnotes":""},"class_list":["post-15002","page","type-page","status-publish","hentry"],"_links":{"self":[{"href":"https:\/\/www.nexova.ch\/de\/wp-json\/wp\/v2\/pages\/15002","targetHints":{"allow":["GET"]}}],"collection":[{"href":"https:\/\/www.nexova.ch\/de\/wp-json\/wp\/v2\/pages"}],"about":[{"href":"https:\/\/www.nexova.ch\/de\/wp-json\/wp\/v2\/types\/page"}],"author":[{"embeddable":true,"href":"https:\/\/www.nexova.ch\/de\/wp-json\/wp\/v2\/users\/2"}],"replies":[{"embeddable":true,"href":"https:\/\/www.nexova.ch\/de\/wp-json\/wp\/v2\/comments?post=15002"}],"version-history":[{"count":3,"href":"https:\/\/www.nexova.ch\/de\/wp-json\/wp\/v2\/pages\/15002\/revisions"}],"predecessor-version":[{"id":25360,"href":"https:\/\/www.nexova.ch\/de\/wp-json\/wp\/v2\/pages\/15002\/revisions\/25360"}],"wp:attachment":[{"href":"https:\/\/www.nexova.ch\/de\/wp-json\/wp\/v2\/media?parent=15002"}],"curies":[{"name":"wp","href":"https:\/\/api.w.org\/{rel}","templated":true}]}}