{"id":33081,"date":"2025-12-22T21:19:54","date_gmt":"2025-12-22T19:19:54","guid":{"rendered":"https:\/\/www.nexova.ch\/?page_id=33081"},"modified":"2026-01-20T19:32:09","modified_gmt":"2026-01-20T17:32:09","slug":"termin-buchen","status":"publish","type":"page","link":"https:\/\/www.nexova.ch\/de\/termin-buchen\/","title":{"rendered":"Termin buchen"},"content":{"rendered":"<p>[et_pb_section fb_built=&#8220;1&#8243; theme_builder_area=&#8220;post_content&#8220; _builder_version=&#8220;4.27.5&#8243; _module_preset=&#8220;default&#8220; custom_css_free_form=&#8220;selector{||  padding: 0;||}&#8220; hover_enabled=&#8220;0&#8243; sticky_enabled=&#8220;0&#8243; module_class=&#8220;bg-light-purple&#8220;][et_pb_row module_class=&#8220;row-full&#8220; _builder_version=&#8220;4.27.5&#8243; background_size=&#8220;initial&#8220; background_position=&#8220;top_left&#8220; background_repeat=&#8220;repeat&#8220; hover_enabled=&#8220;0&#8243; custom_css_free_form=&#8220;selector{||  padding: 0;||}&#8220; global_colors_info=&#8220;{}&#8220; sticky_enabled=&#8220;0&#8243; locked=&#8220;off&#8220; theme_builder_area=&#8220;post_content&#8220;][et_pb_column type=&#8220;4_4&#8243; _builder_version=&#8220;4.16&#8243; custom_padding=&#8220;|||&#8220; global_colors_info=&#8220;{}&#8220; custom_padding__hover=&#8220;|||&#8220; theme_builder_area=&#8220;post_content&#8220;][et_pb_code _builder_version=&#8220;4.27.5&#8243; _module_preset=&#8220;default&#8220; global_colors_info=&#8220;{}&#8220; theme_builder_area=&#8220;post_content&#8220;]<div class=\"nx-funnel-app\" data-nx-funnel data-nx-fully-booked=\"1\">\n      <section class=\"nx-fully-booked\" data-nx-fully-booked-landing>\n      <div class=\"nx-fully-booked__media\">\n        <img decoding=\"async\" src=\"https:\/\/www.nexova.ch\/wp-content\/themes\/Qweb\/funnel\/assets\/img\/fully-booked.jpg\" alt=\"\" class=\"nx-fully-booked__img\" loading=\"lazy\">\n      <\/div>\n\n      <div class=\"nx-fully-booked__actions\">\n        <h1 class=\"nx-fully-booked__title\">\n          Leider sind wir <br>derzeit vollst\u00e4ndig <br>ausgebucht.        <\/h1>\n        <p>\n          Um \u00fcber zuk\u00fcnftige <br>Verf\u00fcgbarkeiten informiert <br>zu werden, laden wir Sie ein, <br>unserer Warteliste beizutreten.        <\/p>\n        <button type=\"button\" class=\"nx-btn nx-btn--waitlist\" data-nx-join-waitlist>\n          Warteliste beitreten        <\/button>\n      <\/div>\n    <\/section>\n    <section class=\"nx-waitlist\" data-nx-waitlist-form hidden>\n      <form class=\"nx-funnel-form\" data-nx-waitlist-form-el novalidate>\n        <div class=\"nx-funnel-stage\">\n          <div class=\"nx-step nx-step--normal\" data-nx-waitlist-stage>\n            <div class=\"nx-step-head\">\n              <h2 class=\"nx-step-title\">Kontaktformular<\/h2>\n              <p class=\"nx-step-text\">Vielen Dank f\u00fcr Ihr Interesse. Bitte f\u00fcllen Sie das folgende Formular aus, um sich auf unsere Warteliste setzen zu lassen. Wir werden uns mit Ihnen in Verbindung setzen, sobald Pl\u00e4tze verf\u00fcgbar werden.<\/p>\n            <\/div>\n            <div class=\"nx-formgrid\">\n              <p class=\"nx-required-label\">Pflichtfelder (*)<\/p>\n              <label class=\"nx-field\">\n                <span>Vorname<\/span>\n                <input type=\"text\" name=\"first_name\" required=\"\" placeholder=\"Vorname*\">\n              <\/label>\n              <label class=\"nx-field\">\n                <span>Nachname<\/span>\n                <input type=\"text\" name=\"last_name\" required=\"\" placeholder=\"Nachname*\">\n              <\/label>\n              <label class=\"nx-field\">\n                <span>E-Mail-Adresse<\/span>\n                <input type=\"email\" name=\"email\" required=\"\" placeholder=\"Email-Adresse*\">\n              <\/label>\n              <label class=\"nx-field\">\n                <span>Telefonnummer<\/span>\n                <input type=\"text\" name=\"phone\" required=\"\" placeholder=\"Telefonnummer*\">\n              <\/label>\n              <label class=\"nx-field nx-field--full\">\n                <span>Bitte teilen Sie uns alles mit, was zur Vorbereitung\nunseres Gespr\u00e4ches beitr\u00e4gt. {mindestens 100 Zeichen}<\/span>\n                <textarea name=\"description\" required=\"\" placeholder=\"Bitte teilen Sie uns alles mit, was zur Vorbereitung\nunseres Gespr\u00e4ches beitr\u00e4gt. {mindestens 100 Zeichen}*\"><\/textarea>\n              <\/label>\n            <\/div>\n            <div class=\"nx-actions\">\n              <button type=\"submit\" class=\"nx-btn\" data-nx-waitlist-submit>\n                Kontaktformular absenden              <\/button>\n            <\/div>\n            <div class=\"nx-funnel-toast\" data-nx-waitlist-toast aria-live=\"polite\"><\/div>\n          <\/div>\n        <\/div>\n      <\/form>\n    <\/section>\n    <\/div>[\/et_pb_code][\/et_pb_column][\/et_pb_row][\/et_pb_section]<\/p>\n","protected":false},"excerpt":{"rendered":"<div class=\"nx-funnel-app\" data-nx-funnel data-nx-fully-booked=\"1\">\n      <section class=\"nx-fully-booked\" data-nx-fully-booked-landing>\n      <div class=\"nx-fully-booked__media\">\n        <img decoding=\"async\" src=\"https:\/\/www.nexova.ch\/wp-content\/themes\/Qweb\/funnel\/assets\/img\/fully-booked.jpg\" alt=\"\" class=\"nx-fully-booked__img\" loading=\"lazy\">\n      <\/div>\n\n      <div class=\"nx-fully-booked__actions\">\n        <h1 class=\"nx-fully-booked__title\">\n          Leider sind wir <br>derzeit vollst\u00e4ndig <br>ausgebucht.        <\/h1>\n        <p>\n          Um \u00fcber zuk\u00fcnftige <br>Verf\u00fcgbarkeiten informiert <br>zu werden, laden wir Sie ein, <br>unserer Warteliste beizutreten.        <\/p>\n        <button type=\"button\" class=\"nx-btn nx-btn--waitlist\" data-nx-join-waitlist>\n          Warteliste beitreten        <\/button>\n      <\/div>\n    <\/section>\n    <section class=\"nx-waitlist\" data-nx-waitlist-form hidden>\n      <form class=\"nx-funnel-form\" data-nx-waitlist-form-el novalidate>\n        <div class=\"nx-funnel-stage\">\n          <div class=\"nx-step nx-step--normal\" data-nx-waitlist-stage>\n            <div class=\"nx-step-head\">\n              <h2 class=\"nx-step-title\">Kontaktformular<\/h2>\n              <p class=\"nx-step-text\">Vielen Dank f\u00fcr Ihr Interesse. Bitte f\u00fcllen Sie das folgende Formular aus, um sich auf unsere Warteliste setzen zu lassen. Wir werden uns mit Ihnen in Verbindung setzen, sobald Pl\u00e4tze verf\u00fcgbar werden.<\/p>\n            <\/div>\n            <div class=\"nx-formgrid\">\n              <p class=\"nx-required-label\">Pflichtfelder (*)<\/p>\n              <label class=\"nx-field\">\n                <span>Vorname<\/span>\n                <input type=\"text\" name=\"first_name\" required=\"\" placeholder=\"Vorname*\">\n              <\/label>\n              <label class=\"nx-field\">\n                <span>Nachname<\/span>\n                <input type=\"text\" name=\"last_name\" required=\"\" placeholder=\"Nachname*\">\n              <\/label>\n              <label class=\"nx-field\">\n                <span>E-Mail-Adresse<\/span>\n                <input type=\"email\" name=\"email\" required=\"\" placeholder=\"Email-Adresse*\">\n              <\/label>\n              <label class=\"nx-field\">\n                <span>Telefonnummer<\/span>\n                <input type=\"text\" name=\"phone\" required=\"\" placeholder=\"Telefonnummer*\">\n              <\/label>\n              <label class=\"nx-field nx-field--full\">\n                <span>Bitte teilen Sie uns alles mit, was zur Vorbereitung\nunseres Gespr\u00e4ches beitr\u00e4gt. {mindestens 100 Zeichen}<\/span>\n                <textarea name=\"description\" required=\"\" placeholder=\"Bitte teilen Sie uns alles mit, was zur Vorbereitung\nunseres Gespr\u00e4ches beitr\u00e4gt. {mindestens 100 Zeichen}*\"><\/textarea>\n              <\/label>\n            <\/div>\n            <div class=\"nx-actions\">\n              <button type=\"submit\" class=\"nx-btn\" data-nx-waitlist-submit>\n                Kontaktformular absenden              <\/button>\n            <\/div>\n            <div class=\"nx-funnel-toast\" data-nx-waitlist-toast aria-live=\"polite\"><\/div>\n          <\/div>\n        <\/div>\n      <\/form>\n    <\/section>\n    <\/div>\n","protected":false},"author":2,"featured_media":0,"parent":0,"menu_order":0,"comment_status":"closed","ping_status":"closed","template":"","meta":{"_et_pb_use_builder":"on","_et_pb_old_content":"","_et_gb_content_width":"","q_post_updated_date":"","footnotes":""},"class_list":["post-33081","page","type-page","status-publish","hentry"],"_links":{"self":[{"href":"https:\/\/www.nexova.ch\/de\/wp-json\/wp\/v2\/pages\/33081","targetHints":{"allow":["GET"]}}],"collection":[{"href":"https:\/\/www.nexova.ch\/de\/wp-json\/wp\/v2\/pages"}],"about":[{"href":"https:\/\/www.nexova.ch\/de\/wp-json\/wp\/v2\/types\/page"}],"author":[{"embeddable":true,"href":"https:\/\/www.nexova.ch\/de\/wp-json\/wp\/v2\/users\/2"}],"replies":[{"embeddable":true,"href":"https:\/\/www.nexova.ch\/de\/wp-json\/wp\/v2\/comments?post=33081"}],"version-history":[{"count":5,"href":"https:\/\/www.nexova.ch\/de\/wp-json\/wp\/v2\/pages\/33081\/revisions"}],"predecessor-version":[{"id":33204,"href":"https:\/\/www.nexova.ch\/de\/wp-json\/wp\/v2\/pages\/33081\/revisions\/33204"}],"wp:attachment":[{"href":"https:\/\/www.nexova.ch\/de\/wp-json\/wp\/v2\/media?parent=33081"}],"curies":[{"name":"wp","href":"https:\/\/api.w.org\/{rel}","templated":true}]}}